{"id":2070,"date":"2012-07-07T19:07:44","date_gmt":"2012-07-07T17:07:44","guid":{"rendered":"http:\/\/comotrabajarsinmanos.arseniofernandez.es\/?page_id=2"},"modified":"2021-10-01T03:30:35","modified_gmt":"2021-10-01T01:30:35","slug":"sample-page-2","status":"publish","type":"page","link":"http:\/\/blog.arseniofernandez.es\/?page_id=2070","title":{"rendered":"V\u00eddeos"},"content":{"rendered":"\n<h3 class=\"wp-block-heading\">Arsenio Fern\u00e1ndez y sus manos de acero<\/h3>\n\n\n\n<p class=\"has-text-align-center\">&nbsp;<\/p>\n\n\n\n<figure class=\"wp-block-video\"><video controls poster=\"http:\/\/blog.arseniofernandez.es\/wp-content\/uploads\/2012\/07\/portada.jpg\" preload=\"auto\" src=\"http:\/\/blog.arseniofernandez.es\/videos\/manosdeacero.mp4\" playsinline><\/video><\/figure>\n\n\n\n<p><\/p>\n\n\n\n<h3 class=\"wp-block-heading\">Reportaje en \u201cEspa\u00f1a Directo\u201d, de TVE<\/h3>\n\n\n\n<p class=\"has-text-align-center\"><object id=\"\" data=\"http:\/\/www.irtve.es\/swf\/4.2.15\/RTVEPlayerVideo.swf\" type=\"application\/x-shockwave-flash\" width=\"425\" height=\"239\" border=\"1\"><param name=\"movie\" value=\"http:\/\/www.irtve.es\/swf\/4.2.15\/RTVEPlayerVideo.swf\"\/><param name=\"allowScriptAccess\" value=\"always\"\/><param name=\"allowFullScreen\" value=\"true\"\/><param name=\"bgcolor\" value=\"#000000\"\/><param name=\"flashvars\" value=\"assetID=2127458_es_videos&amp;location=embed_videos\"\/><!-- solo video--><param name=\"wmode\" value=\"opaque\"\/><param name=\"quality\" value=\"high\"\/><a href=\"http:\/\/www.rtve.es\/alacarta\/videos\/espana-directo\/espana-directo-arsenio-ejemplo-superacion\/2127458\/\" itemprop=\"url\"><span class=\"videoplay\"><strong>Ver v\u00eddeo<\/strong><\/span><img decoding=\"async\" alt=\"Espa\u00f1a Directo- Arsenio, un ejemplo de superaci\u00f3n\" class=\"jsResizeImage\" itemprop=\"Image\" src=\"http:\/\/img.irtve.es\/imagenes\/arsenio-ejemplo-superacion\/1383854536640.jpg\" title=\"Espa\u00f1a Directo- Arsenio, un ejemplo de superaci\u00f3n\" width=\"425\"\/><\/a><\/object><\/p>\n\n\n\n<ul class=\"wp-block-list\"><li style=\"display: inline;\"><a title=\"Espa\u00f1a Directo- Arsenio, un ejemplo de superaci\u00f3n\" href=\"http:\/\/www.rtve.es\/alacarta\/videos\/espana-directo\/espana-directo-arsenio-ejemplo-superacion\/2127458\/#aHR0cDovL3d3dy5ydHZlLmVzL2FsYWNhcnRhL2ludGVybm8vY29udGVudHRhYmxlLnNodG1sP2N0eD0xNjAzJmxvY2FsZT1lcyZvcmRlckNyaXRlcmlhPURFU0MmcGFnZVNpemU9MTUmc2VjdGlvbkZpbHRlcj0zMDk5MSZhZHZTZWFyY2hPcGVuPWZhbHNl\"><strong>Espa\u00f1a Directo- Arsenio, un ejemplo de superaci\u00f3n<\/strong><\/a><\/li><\/ul>\n\n\n\n<hr class=\"wp-block-separator\"\/>\n\n\n\n<div class=\"wp-block-image\"><figure class=\"aligncenter\"><a href=\"http:\/\/www.rtpa.es\/sociedad:--Un-asturiano-amputado-de-sus-dos-manos-fabricara-las-protesis-de-un-joven-madrile%C3%B1o_111468063383.html\" target=\"_blank\" rel=\"noopener\"><img loading=\"lazy\" decoding=\"async\" width=\"1244\" height=\"922\" src=\"http:\/\/blog.arseniofernandez.es\/wp-content\/uploads\/2012\/07\/videoTPA.jpg\" alt=\"videoTPA\" class=\"wp-image-3973\" srcset=\"http:\/\/blog.arseniofernandez.es\/wp-content\/uploads\/2012\/07\/videoTPA.jpg 1244w, http:\/\/blog.arseniofernandez.es\/wp-content\/uploads\/2012\/07\/videoTPA-300x222.jpg 300w, http:\/\/blog.arseniofernandez.es\/wp-content\/uploads\/2012\/07\/videoTPA-768x569.jpg 768w, http:\/\/blog.arseniofernandez.es\/wp-content\/uploads\/2012\/07\/videoTPA-1024x759.jpg 1024w\" sizes=\"(max-width: 1244px) 100vw, 1244px\" \/><\/a><\/figure><\/div>\n<!-- AddThis Advanced Settings generic via filter on the_content --><!-- AddThis Share Buttons generic via filter on the_content -->","protected":false},"excerpt":{"rendered":"<p>Arsenio Fern\u00e1ndez y sus manos de acero &nbsp; Reportaje en \u201cEspa\u00f1a Directo\u201d, de TVE Ver v\u00eddeo Espa\u00f1a Directo- Arsenio, un ejemplo de superaci\u00f3n<!-- AddThis Advanced Settings generic via filter on wp_trim_excerpt --><!-- AddThis Share Buttons generic via filter on wp_trim_excerpt --><\/p>\n","protected":false},"author":2,"featured_media":0,"parent":0,"menu_order":5,"comment_status":"closed","ping_status":"open","template":"","meta":{"ngg_post_thumbnail":0,"footnotes":""},"class_list":["post-2070","page","type-page","status-publish","hentry"],"aioseo_notices":[],"_links":{"self":[{"href":"http:\/\/blog.arseniofernandez.es\/index.php?rest_route=\/wp\/v2\/pages\/2070"}],"collection":[{"href":"http:\/\/blog.arseniofernandez.es\/index.php?rest_route=\/wp\/v2\/pages"}],"about":[{"href":"http:\/\/blog.arseniofernandez.es\/index.php?rest_route=\/wp\/v2\/types\/page"}],"author":[{"embeddable":true,"href":"http:\/\/blog.arseniofernandez.es\/index.php?rest_route=\/wp\/v2\/users\/2"}],"replies":[{"embeddable":true,"href":"http:\/\/blog.arseniofernandez.es\/index.php?rest_route=%2Fwp%2Fv2%2Fcomments&post=2070"}],"version-history":[{"count":0,"href":"http:\/\/blog.arseniofernandez.es\/index.php?rest_route=\/wp\/v2\/pages\/2070\/revisions"}],"wp:attachment":[{"href":"http:\/\/blog.arseniofernandez.es\/index.php?rest_route=%2Fwp%2Fv2%2Fmedia&parent=2070"}],"curies":[{"name":"wp","href":"https:\/\/api.w.org\/{rel}","templated":true}]}}